{"id":72,"date":"2023-11-19T23:02:26","date_gmt":"2023-11-19T23:02:26","guid":{"rendered":"https:\/\/modameli.es\/?page_id=72"},"modified":"2023-11-20T22:43:41","modified_gmt":"2023-11-20T22:43:41","slug":"quien-soy","status":"publish","type":"page","link":"https:\/\/modameli.es\/","title":{"rendered":"\u00bfQUI\u00c9N SOY?"},"content":{"rendered":"\t\t<div data-elementor-type=\"wp-page\" data-elementor-id=\"72\" class=\"elementor elementor-72\">\n\t\t\t\t<div class=\"elementor-element elementor-element-646fc05 e-flex e-con-boxed e-con e-parent\" data-id=\"646fc05\" data-element_type=\"container\" data-e-type=\"container\">\n\t\t\t\t\t<div class=\"e-con-inner\">\n\t\t<div class=\"elementor-element elementor-element-e7e0c26 e-con-full e-flex e-con e-child\" data-id=\"e7e0c26\" data-element_type=\"container\" data-e-type=\"container\">\n\t\t\t\t<div class=\"elementor-element elementor-element-fae99d8 elementor-widget__width-initial elementor-widget elementor-widget-image\" data-id=\"fae99d8\" data-element_type=\"widget\" data-e-type=\"widget\" data-widget_type=\"image.default\">\n\t\t\t\t<div class=\"elementor-widget-container\">\n\t\t\t\t\t\t\t\t\t\t\t\t\t\t\t<img fetchpriority=\"high\" decoding=\"async\" width=\"800\" height=\"802\" src=\"https:\/\/modameli.es\/wp-content\/uploads\/2023\/11\/opentowork-meli-1022x1024.jpg\" class=\"attachment-large size-large wp-image-81\" alt=\"\" srcset=\"https:\/\/modameli.es\/wp-content\/uploads\/2023\/11\/opentowork-meli-1022x1024.jpg 1022w, https:\/\/modameli.es\/wp-content\/uploads\/2023\/11\/opentowork-meli-300x300.jpg 300w, https:\/\/modameli.es\/wp-content\/uploads\/2023\/11\/opentowork-meli-150x150.jpg 150w, https:\/\/modameli.es\/wp-content\/uploads\/2023\/11\/opentowork-meli-768x769.jpg 768w, https:\/\/modameli.es\/wp-content\/uploads\/2023\/11\/opentowork-meli.jpg 1075w\" sizes=\"(max-width: 800px) 100vw, 800px\" \/>\t\t\t\t\t\t\t\t\t\t\t\t\t\t\t<\/div>\n\t\t\t\t<\/div>\n\t\t\t\t<\/div>\n\t\t<div class=\"elementor-element elementor-element-d9f620b e-con-full e-flex e-con e-child\" data-id=\"d9f620b\" data-element_type=\"container\" data-e-type=\"container\">\n\t\t\t\t<div class=\"elementor-element elementor-element-d8d5f4b elementor-widget elementor-widget-text-editor\" data-id=\"d8d5f4b\" data-element_type=\"widget\" data-e-type=\"widget\" data-widget_type=\"text-editor.default\">\n\t\t\t\t<div class=\"elementor-widget-container\">\n\t\t\t\t\t\t\t\t\t<p>Soy <strong>MELISA SOLANGE, FELICE<\/strong>. S\u00ed un s\u00f3lo apellido dado que soy nacida en Argentina, con pasaporte italiano (estoy tramitando la nacionalidad espa\u00f1ola), pero si has llegado hasta aqu\u00ed, puedes llamarme <b>Meli<\/b>, que es c\u00f3mo me conocen mis amigos y familiares.<\/p>\n<p>Nac\u00ed el 17 de julio de 1987 en Mar del plata (Buenos Aires), un viernes a las 17:17<\/p>\n<p>Estoy en b\u00fasqueda activa de empleo desde principios del 2024, acabo de ser mam\u00e1 por segunda vez.<\/p>\n<p>Resido en Huesca, tengo carnet de conducir y veh\u00edculo propio.&nbsp;<span style=\"color: var( --e-global-color-text ); font-family: var( --e-global-typography-text-font-family ), Sans-serif; font-weight: var( --e-global-typography-text-font-weight ); text-align: var(--text-align); font-size: 1rem;\">Tambi\u00e9n dispongo de las herramientas ofim\u00e1ticas necesarias para teletrabajar.<\/span><\/p>\n<p>Me encanta la moda, soy autodidacta en corte y confecci\u00f3n de prendas varias, desde trajes de fiesta a ropa para beb\u00e9s o ni\u00f1os. Me estoy preparando la oposici\u00f3n a profesora de Autoescuela.<\/p>\n<p>Intolerante a la lactosa y a las empresas que no contratan mujeres con hijos&nbsp;<span style=\"color: var( --e-global-color-text ); font-family: var( --e-global-typography-text-font-family ), Sans-serif; font-weight: var( --e-global-typography-text-font-weight ); text-align: var(--text-align); font-size: 1rem;\"><img decoding=\"async\" class=\"emoji\" role=\"img\" draggable=\"false\" src=\"https:\/\/s.w.org\/images\/core\/emoji\/14.0.0\/svg\/1f61c.svg\" alt=\"\ud83d\ude1c\"><\/span><\/p>\n<p>Termina de revisar mi experiencia y mis conocimientos, seguro que soy la persona id\u00f3nea para el puesto de trabajo que ofreces.<\/p>\n<p><\/p>\t\t\t\t\t\t\t\t<\/div>\n\t\t\t\t<\/div>\n\t\t\t\t<\/div>\n\t\t\t\t\t<\/div>\n\t\t\t\t<\/div>\n\t\t<div class=\"elementor-element elementor-element-6d68551 e-flex e-con-boxed e-con e-parent\" data-id=\"6d68551\" data-element_type=\"container\" data-e-type=\"container\">\n\t\t\t\t\t<div class=\"e-con-inner\">\n\t\t<div class=\"elementor-element elementor-element-fce8088 e-con-full e-flex e-con e-child\" data-id=\"fce8088\" data-element_type=\"container\" data-e-type=\"container\">\n\t\t\t\t<div class=\"elementor-element elementor-element-603f237 elementor-widget elementor-widget-text-editor\" data-id=\"603f237\" data-element_type=\"widget\" data-e-type=\"widget\" data-widget_type=\"text-editor.default\">\n\t\t\t\t<div class=\"elementor-widget-container\">\n\t\t\t\t\t\t\t\t\t<p>Te pongo en contexto, vine de mi pa\u00eds a Barcelona, nada m\u00e1s empezar la adolescencia.<\/p>\n<p>La enfermedad de mi difunta madre, me hizo venir de Barcelona a Sabi\u00f1\u00e1nigo a finales de 2011, y volv\u00ed a empezar de cero.<\/p>\n<p>En 2013 el amor forz\u00f3 una nueva mudanza hasta Huesca.<\/p>\n<p>No he estado nunca parada m\u00e1s de lo justo y necesario (de ah\u00ed que pueda demostrarlo con mi vida laboral), soy una persona muy activa en lo personal y lo profesional, pero en 2022 a mi ex-jefe no le vino bien que me quedara embarazada&#8230;<span class=\"fe5nidar khvhiq1o r5qsrrlp i5tg98hk f9ovudaz przvwfww gx1rr48f gfz4du6o r7fjleex nz2484kf svot0ezm dcnh1tix sxl192xd t3g6t33p\"><span class=\"mpj7bzys xzlurrtv\"><img decoding=\"async\" class=\"emoji\" role=\"img\" draggable=\"false\" src=\"https:\/\/s.w.org\/images\/core\/emoji\/14.0.0\/svg\/1f595-1f3fc.svg\" alt=\"\ud83d\udd95\ud83c\udffc\"><\/span><\/span><\/p>\n<p>Desde que naci\u00f3 mi hija han sido un c\u00famulo de cosas en lo personal, tanto fue as\u00ed, que nos lanzamos a la piscina con su hermana (se llevan 16 meses, la peque vino al mundo antes de lo que deber\u00eda). Hoy vuelvo a estar con m\u00e1s ganas que nunca, m\u00e1s preparada (dado que no he dejado de formarme), con unos cuantos kilos m\u00e1s de paciencia diaria (si eres padre o madre, sabr\u00e1s de qu\u00e9 te hablo) y ante todo <strong>ILUSIONADA <\/strong>por involucrarme al 100% en tu proyecto, para mi un nuevo reto en la vida, con el que deber compatibilizar mis nuevas obligaciones laborales y familiares.<\/p><p><br><blockquote><b>Convencida de poder aportar valor a tu empresa o proyecto.<\/b><\/blockquote><\/p>\t\t\t\t\t\t\t\t<\/div>\n\t\t\t\t<\/div>\n\t\t\t\t<\/div>\n\t\t<div class=\"elementor-element elementor-element-8075f62 e-con-full e-flex e-con e-child\" data-id=\"8075f62\" data-element_type=\"container\" data-e-type=\"container\">\n\t\t\t\t<div class=\"elementor-element elementor-element-9ebe6b0 elementor-invisible elementor-widget elementor-widget-image\" data-id=\"9ebe6b0\" data-element_type=\"widget\" data-e-type=\"widget\" data-settings=\"{&quot;_animation&quot;:&quot;fadeIn&quot;}\" data-widget_type=\"image.default\">\n\t\t\t\t<div class=\"elementor-widget-container\">\n\t\t\t\t\t\t\t\t\t\t\t\t\t\t\t<img decoding=\"async\" width=\"800\" height=\"600\" src=\"https:\/\/modameli.es\/wp-content\/uploads\/2023\/11\/WhatsApp-Image-2023-11-13-at-18.20.19-1-1024x768.jpeg\" class=\"attachment-large size-large wp-image-32\" alt=\"\" srcset=\"https:\/\/modameli.es\/wp-content\/uploads\/2023\/11\/WhatsApp-Image-2023-11-13-at-18.20.19-1-1024x768.jpeg 1024w, https:\/\/modameli.es\/wp-content\/uploads\/2023\/11\/WhatsApp-Image-2023-11-13-at-18.20.19-1-300x225.jpeg 300w, https:\/\/modameli.es\/wp-content\/uploads\/2023\/11\/WhatsApp-Image-2023-11-13-at-18.20.19-1-768x576.jpeg 768w, https:\/\/modameli.es\/wp-content\/uploads\/2023\/11\/WhatsApp-Image-2023-11-13-at-18.20.19-1-1536x1152.jpeg 1536w, https:\/\/modameli.es\/wp-content\/uploads\/2023\/11\/WhatsApp-Image-2023-11-13-at-18.20.19-1.jpeg 2048w\" sizes=\"(max-width: 800px) 100vw, 800px\" \/>\t\t\t\t\t\t\t\t\t\t\t\t\t\t\t<\/div>\n\t\t\t\t<\/div>\n\t\t\t\t<\/div>\n\t\t\t\t\t<\/div>\n\t\t\t\t<\/div>\n\t\t\t\t<\/div>\n\t\t","protected":false},"excerpt":{"rendered":"<p>Soy MELISA SOLANGE, FELICE. S\u00ed un s\u00f3lo apellido dado que soy nacida en Argentina, con pasaporte italiano (estoy tramitando la nacionalidad espa\u00f1ola), pero si has llegado hasta aqu\u00ed, puedes llamarme Meli, que es c\u00f3mo me conocen mis amigos y familiares. Nac\u00ed el 17 de julio de 1987 en Mar del plata (Buenos Aires), un viernes [&hellip;]<\/p>\n","protected":false},"author":1,"featured_media":0,"parent":0,"menu_order":0,"comment_status":"closed","ping_status":"closed","template":"","meta":{"footnotes":""},"class_list":["post-72","page","type-page","status-publish","hentry"],"_links":{"self":[{"href":"https:\/\/modameli.es\/index.php\/wp-json\/wp\/v2\/pages\/72","targetHints":{"allow":["GET"]}}],"collection":[{"href":"https:\/\/modameli.es\/index.php\/wp-json\/wp\/v2\/pages"}],"about":[{"href":"https:\/\/modameli.es\/index.php\/wp-json\/wp\/v2\/types\/page"}],"author":[{"embeddable":true,"href":"https:\/\/modameli.es\/index.php\/wp-json\/wp\/v2\/users\/1"}],"replies":[{"embeddable":true,"href":"https:\/\/modameli.es\/index.php\/wp-json\/wp\/v2\/comments?post=72"}],"version-history":[{"count":46,"href":"https:\/\/modameli.es\/index.php\/wp-json\/wp\/v2\/pages\/72\/revisions"}],"predecessor-version":[{"id":244,"href":"https:\/\/modameli.es\/index.php\/wp-json\/wp\/v2\/pages\/72\/revisions\/244"}],"wp:attachment":[{"href":"https:\/\/modameli.es\/index.php\/wp-json\/wp\/v2\/media?parent=72"}],"curies":[{"name":"wp","href":"https:\/\/api.w.org\/{rel}","templated":true}]}}