{"id":159,"date":"2023-11-20T00:47:16","date_gmt":"2023-11-20T00:47:16","guid":{"rendered":"https:\/\/modameli.es\/?page_id=159"},"modified":"2023-11-20T23:21:43","modified_gmt":"2023-11-20T23:21:43","slug":"otras-competencias-curriculares","status":"publish","type":"page","link":"https:\/\/modameli.es\/index.php\/otras-competencias-curriculares\/","title":{"rendered":"OTRAS COMPETENCIAS CURRICULARES"},"content":{"rendered":"\t\t<div data-elementor-type=\"wp-page\" data-elementor-id=\"159\" class=\"elementor elementor-159\">\n\t\t\t\t<div class=\"elementor-element elementor-element-69cec30 e-flex e-con-boxed e-con e-parent\" data-id=\"69cec30\" data-element_type=\"container\" data-e-type=\"container\">\n\t\t\t\t\t<div class=\"e-con-inner\">\n\t\t\t\t<div class=\"elementor-element elementor-element-d113e29 elementor-widget-divider--separator-type-pattern elementor-widget-divider--no-spacing elementor-widget-divider--view-line elementor-widget elementor-widget-divider\" data-id=\"d113e29\" data-element_type=\"widget\" data-e-type=\"widget\" data-widget_type=\"divider.default\">\n\t\t\t\t<div class=\"elementor-widget-container\">\n\t\t\t\t\t\t\t<div class=\"elementor-divider\" style=\"--divider-pattern-url: url(&quot;data:image\/svg+xml,%3Csvg xmlns=&#039;http:\/\/www.w3.org\/2000\/svg&#039; preserveAspectRatio=&#039;xMidYMid meet&#039; overflow=&#039;visible&#039; height=&#039;100%&#039; viewBox=&#039;0 0 123 26&#039; fill=&#039;black&#039; stroke=&#039;none&#039;%3E%3Cpath d=&#039;M6.4,2l4.2,5.7H7.7v2.7l3.8,5.2l-3.8,0v7.8H4.8v-7.8H0l4.8-5.2V7.7H1.1L6.4,2z M25.6,2L31,7.7h-3.7v2.7l4.8,5.2h-4.8v7.8h-2.8v-7.8l-3.8,0l3.8-5.2V7.7h-2.9L25.6,2z M47.5,2l4.2,5.7h-3.3v2.7l3.8,5.2l-3.8,0l0.4,7.8h-2.8v-7.8H41l4.8-5.2V7.7h-3.7L47.5,2z M66.2,2l5.4,5.7h-3.7v2.7l4.8,5.2h-4.8v7.8H65v-7.8l-3.8,0l3.8-5.2V7.7h-2.9L66.2,2zM87.4,2l4.8,5.7h-2.9v3.1l3.8,4.8l-3.8,0v7.8h-2.8v-7.8h-4.8l4.8-4.8V7.7h-3.7L87.4,2z M107.3,2l5.4,5.7h-3.7v2.7l4.8,5.2h-4.8v7.8H106v-7.8l-3.8,0l3.8-5.2V7.7h-2.9L107.3,2z&#039;\/%3E%3C\/svg%3E&quot;);\">\n\t\t\t<span class=\"elementor-divider-separator\">\n\t\t\t\t\t\t<\/span>\n\t\t<\/div>\n\t\t\t\t\t\t<\/div>\n\t\t\t\t<\/div>\n\t\t\t\t<div class=\"elementor-element elementor-element-e26f3bd elementor-widget elementor-widget-heading\" data-id=\"e26f3bd\" data-element_type=\"widget\" data-e-type=\"widget\" data-widget_type=\"heading.default\">\n\t\t\t\t<div class=\"elementor-widget-container\">\n\t\t\t\t\t<h2 class=\"elementor-heading-title elementor-size-default\">PAQUETE MICROSOFT OFFICE &amp; CLOUD AL 75%<\/h2>\t\t\t\t<\/div>\n\t\t\t\t<\/div>\n\t\t\t\t<div class=\"elementor-element elementor-element-c9c15bd elementor-widget elementor-widget-image\" data-id=\"c9c15bd\" data-element_type=\"widget\" data-e-type=\"widget\" data-widget_type=\"image.default\">\n\t\t\t\t<div class=\"elementor-widget-container\">\n\t\t\t\t\t\t\t\t\t\t\t\t\t\t\t<img fetchpriority=\"high\" decoding=\"async\" width=\"800\" height=\"270\" src=\"https:\/\/modameli.es\/wp-content\/uploads\/2023\/11\/OFFICE-1024x346.png\" class=\"attachment-large size-large wp-image-195\" alt=\"\" srcset=\"https:\/\/modameli.es\/wp-content\/uploads\/2023\/11\/OFFICE-1024x346.png 1024w, https:\/\/modameli.es\/wp-content\/uploads\/2023\/11\/OFFICE-300x101.png 300w, https:\/\/modameli.es\/wp-content\/uploads\/2023\/11\/OFFICE-768x260.png 768w, https:\/\/modameli.es\/wp-content\/uploads\/2023\/11\/OFFICE.png 1221w\" sizes=\"(max-width: 800px) 100vw, 800px\" \/>\t\t\t\t\t\t\t\t\t\t\t\t\t\t\t<\/div>\n\t\t\t\t<\/div>\n\t\t\t\t<div class=\"elementor-element elementor-element-3d4cdcf elementor-widget elementor-widget-heading\" data-id=\"3d4cdcf\" data-element_type=\"widget\" data-e-type=\"widget\" data-widget_type=\"heading.default\">\n\t\t\t\t<div class=\"elementor-widget-container\">\n\t\t\t\t\t<h2 class=\"elementor-heading-title elementor-size-default\">PAQUETE GOOGLE WORKSPACE AL 70%<\/h2>\t\t\t\t<\/div>\n\t\t\t\t<\/div>\n\t\t\t\t<div class=\"elementor-element elementor-element-470e95e elementor-widget elementor-widget-image\" data-id=\"470e95e\" data-element_type=\"widget\" data-e-type=\"widget\" data-widget_type=\"image.default\">\n\t\t\t\t<div class=\"elementor-widget-container\">\n\t\t\t\t\t\t\t\t\t\t\t\t\t\t\t<img decoding=\"async\" width=\"800\" height=\"232\" src=\"https:\/\/modameli.es\/wp-content\/uploads\/2023\/11\/GOOGLE-1024x297.png\" class=\"attachment-large size-large wp-image-194\" alt=\"\" srcset=\"https:\/\/modameli.es\/wp-content\/uploads\/2023\/11\/GOOGLE-1024x297.png 1024w, https:\/\/modameli.es\/wp-content\/uploads\/2023\/11\/GOOGLE-300x87.png 300w, https:\/\/modameli.es\/wp-content\/uploads\/2023\/11\/GOOGLE-768x223.png 768w, https:\/\/modameli.es\/wp-content\/uploads\/2023\/11\/GOOGLE-1536x446.png 1536w, https:\/\/modameli.es\/wp-content\/uploads\/2023\/11\/GOOGLE.png 1601w\" sizes=\"(max-width: 800px) 100vw, 800px\" \/>\t\t\t\t\t\t\t\t\t\t\t\t\t\t\t<\/div>\n\t\t\t\t<\/div>\n\t\t\t\t\t<\/div>\n\t\t\t\t<\/div>\n\t\t<div class=\"elementor-element elementor-element-34d2099 e-flex e-con-boxed e-con e-parent\" data-id=\"34d2099\" data-element_type=\"container\" data-e-type=\"container\">\n\t\t\t\t\t<div class=\"e-con-inner\">\n\t\t<div class=\"elementor-element elementor-element-a494a62 e-con-full e-flex e-con e-child\" data-id=\"a494a62\" data-element_type=\"container\" data-e-type=\"container\">\n\t\t\t\t<div class=\"elementor-element elementor-element-485dcc3 elementor-widget elementor-widget-text-editor\" data-id=\"485dcc3\" data-element_type=\"widget\" data-e-type=\"widget\" data-widget_type=\"text-editor.default\">\n\t\t\t\t<div class=\"elementor-widget-container\">\n\t\t\t\t\t\t\t\t\t<h3 style=\"text-align: left;\">IDIOMAS\u00a0 \u00a0<span style=\"font-weight: 500;\">\u00a0 \u00a0 \u00a0 \u00a0 \u00a0<\/span><img decoding=\"async\" class=\"aligncenter wp-image-190\" src=\"https:\/\/modameli.es\/wp-content\/uploads\/2023\/11\/IDIOMAS-MELI.png\" alt=\"\" width=\"307\" height=\"86\" \/><\/h3><p style=\"text-align: left;\"><span style=\"font-weight: 400;\">\u00a0<\/span><\/p>\t\t\t\t\t\t\t\t<\/div>\n\t\t\t\t<\/div>\n\t\t\t\t<\/div>\n\t\t<div class=\"elementor-element elementor-element-9f74481 e-con-full e-flex e-con e-child\" data-id=\"9f74481\" data-element_type=\"container\" data-e-type=\"container\">\n\t\t\t\t<div class=\"elementor-element elementor-element-9d89f2d elementor-widget elementor-widget-text-editor\" data-id=\"9d89f2d\" data-element_type=\"widget\" data-e-type=\"widget\" data-widget_type=\"text-editor.default\">\n\t\t\t\t<div class=\"elementor-widget-container\">\n\t\t\t\t\t\t\t\t\t<h3 style=\"text-align: center;\"><strong>CONOCIMIENTOS T\u00c9CNICOS<\/strong><\/h3>\t\t\t\t\t\t\t\t<\/div>\n\t\t\t\t<\/div>\n\t\t\t\t<div class=\"elementor-element elementor-element-476199d elementor-widget elementor-widget-image\" data-id=\"476199d\" data-element_type=\"widget\" data-e-type=\"widget\" data-widget_type=\"image.default\">\n\t\t\t\t<div class=\"elementor-widget-container\">\n\t\t\t\t\t\t\t\t\t\t\t\t\t\t\t<img loading=\"lazy\" decoding=\"async\" width=\"800\" height=\"188\" src=\"https:\/\/modameli.es\/wp-content\/uploads\/2023\/11\/Microsoft_Windows-Logo.wine_-e1700521620858-1024x240.png\" class=\"attachment-large size-large wp-image-268\" alt=\"\" srcset=\"https:\/\/modameli.es\/wp-content\/uploads\/2023\/11\/Microsoft_Windows-Logo.wine_-e1700521620858-1024x240.png 1024w, https:\/\/modameli.es\/wp-content\/uploads\/2023\/11\/Microsoft_Windows-Logo.wine_-e1700521620858-300x70.png 300w, https:\/\/modameli.es\/wp-content\/uploads\/2023\/11\/Microsoft_Windows-Logo.wine_-e1700521620858-768x180.png 768w, https:\/\/modameli.es\/wp-content\/uploads\/2023\/11\/Microsoft_Windows-Logo.wine_-e1700521620858-1536x360.png 1536w, https:\/\/modameli.es\/wp-content\/uploads\/2023\/11\/Microsoft_Windows-Logo.wine_-e1700521620858-2048x480.png 2048w\" sizes=\"(max-width: 800px) 100vw, 800px\" \/>\t\t\t\t\t\t\t\t\t\t\t\t\t\t\t<\/div>\n\t\t\t\t<\/div>\n\t\t\t\t<div class=\"elementor-element elementor-element-8660546 elementor-widget elementor-widget-progress\" data-id=\"8660546\" data-element_type=\"widget\" data-e-type=\"widget\" data-widget_type=\"progress.default\">\n\t\t\t\t<div class=\"elementor-widget-container\">\n\t\t\t\t\t\n\t\t<div class=\"elementor-progress-wrapper\" role=\"progressbar\" aria-valuemin=\"0\" aria-valuemax=\"100\" aria-valuenow=\"90\" aria-valuetext=\"90% (Windows W7 W10 W11)\">\n\t\t\t<div class=\"elementor-progress-bar\" data-max=\"90\">\n\t\t\t\t<span class=\"elementor-progress-text\">Windows W7 W10 W11<\/span>\n\t\t\t\t\t\t\t\t\t<span class=\"elementor-progress-percentage\">90%<\/span>\n\t\t\t\t\t\t\t<\/div>\n\t\t<\/div>\n\t\t\t\t\t\t<\/div>\n\t\t\t\t<\/div>\n\t\t\t\t<div class=\"elementor-element elementor-element-a278622 elementor-widget elementor-widget-image\" data-id=\"a278622\" data-element_type=\"widget\" data-e-type=\"widget\" data-widget_type=\"image.default\">\n\t\t\t\t<div class=\"elementor-widget-container\">\n\t\t\t\t\t\t\t\t\t\t\t\t\t\t\t<img decoding=\"async\" src=\"https:\/\/modameli.es\/wp-content\/uploads\/elementor\/thumbs\/deandrid-e1700522195734-qfnsntxokl5lf7qgpi5p1m661omyl6p2lg06wxxrr0.png\" title=\"deandrid\" alt=\"deandrid\" loading=\"lazy\" \/>\t\t\t\t\t\t\t\t\t\t\t\t\t\t\t<\/div>\n\t\t\t\t<\/div>\n\t\t\t\t<div class=\"elementor-element elementor-element-8351cf0 elementor-widget elementor-widget-progress\" data-id=\"8351cf0\" data-element_type=\"widget\" data-e-type=\"widget\" data-widget_type=\"progress.default\">\n\t\t\t\t<div class=\"elementor-widget-container\">\n\t\t\t\t\t\n\t\t<div class=\"elementor-progress-wrapper\" role=\"progressbar\" aria-valuemin=\"0\" aria-valuemax=\"100\" aria-valuenow=\"70\" aria-valuetext=\"70% (Android)\">\n\t\t\t<div class=\"elementor-progress-bar\" data-max=\"70\">\n\t\t\t\t<span class=\"elementor-progress-text\">Android<\/span>\n\t\t\t\t\t\t\t\t\t<span class=\"elementor-progress-percentage\">70%<\/span>\n\t\t\t\t\t\t\t<\/div>\n\t\t<\/div>\n\t\t\t\t\t\t<\/div>\n\t\t\t\t<\/div>\n\t\t\t\t<div class=\"elementor-element elementor-element-ad072c5 elementor-widget elementor-widget-image\" data-id=\"ad072c5\" data-element_type=\"widget\" data-e-type=\"widget\" data-widget_type=\"image.default\">\n\t\t\t\t<div class=\"elementor-widget-container\">\n\t\t\t\t\t\t\t\t\t\t\t\t\t\t\t<img loading=\"lazy\" decoding=\"async\" width=\"624\" height=\"303\" src=\"https:\/\/modameli.es\/wp-content\/uploads\/2023\/11\/kisspng-iphone-5-ipod-touch-apple-ios-11-ios-logo-5b2d20e442a635.294265471529684196273-e1700522345288.png\" class=\"attachment-large size-large wp-image-284\" alt=\"\" srcset=\"https:\/\/modameli.es\/wp-content\/uploads\/2023\/11\/kisspng-iphone-5-ipod-touch-apple-ios-11-ios-logo-5b2d20e442a635.294265471529684196273-e1700522345288.png 624w, https:\/\/modameli.es\/wp-content\/uploads\/2023\/11\/kisspng-iphone-5-ipod-touch-apple-ios-11-ios-logo-5b2d20e442a635.294265471529684196273-e1700522345288-300x146.png 300w\" sizes=\"(max-width: 624px) 100vw, 624px\" \/>\t\t\t\t\t\t\t\t\t\t\t\t\t\t\t<\/div>\n\t\t\t\t<\/div>\n\t\t\t\t<div class=\"elementor-element elementor-element-3beae0f elementor-widget elementor-widget-progress\" data-id=\"3beae0f\" data-element_type=\"widget\" data-e-type=\"widget\" data-widget_type=\"progress.default\">\n\t\t\t\t<div class=\"elementor-widget-container\">\n\t\t\t\t\t\n\t\t<div class=\"elementor-progress-wrapper\" role=\"progressbar\" aria-valuemin=\"0\" aria-valuemax=\"100\" aria-valuenow=\"85\" aria-valuetext=\"85% (Ios (Apple tablet smartphone))\">\n\t\t\t<div class=\"elementor-progress-bar\" data-max=\"85\">\n\t\t\t\t<span class=\"elementor-progress-text\">Ios (Apple tablet smartphone)<\/span>\n\t\t\t\t\t\t\t\t\t<span class=\"elementor-progress-percentage\">85%<\/span>\n\t\t\t\t\t\t\t<\/div>\n\t\t<\/div>\n\t\t\t\t\t\t<\/div>\n\t\t\t\t<\/div>\n\t\t\t\t<\/div>\n\t\t<div class=\"elementor-element elementor-element-cc0ea5e e-con-full e-flex e-con e-child\" data-id=\"cc0ea5e\" data-element_type=\"container\" data-e-type=\"container\">\n\t\t\t\t<div class=\"elementor-element elementor-element-67f648a elementor-widget elementor-widget-text-editor\" data-id=\"67f648a\" data-element_type=\"widget\" data-e-type=\"widget\" data-widget_type=\"text-editor.default\">\n\t\t\t\t<div class=\"elementor-widget-container\">\n\t\t\t\t\t\t\t\t\t<h3 style=\"text-align: center;\"><strong>CONOCIMIENTOS DE EDICI\u00d3N WEB EN\u00a0 <\/strong><\/h3><p><span style=\"font-weight: 400;\"> <img loading=\"lazy\" decoding=\"async\" class=\"aligncenter size-full wp-image-196\" src=\"https:\/\/modameli.es\/wp-content\/uploads\/2023\/11\/WP.png\" alt=\"\" width=\"357\" height=\"82\" srcset=\"https:\/\/modameli.es\/wp-content\/uploads\/2023\/11\/WP.png 357w, https:\/\/modameli.es\/wp-content\/uploads\/2023\/11\/WP-300x69.png 300w\" sizes=\"(max-width: 357px) 100vw, 357px\" \/><\/span><\/p><p><span style=\"font-weight: 400;\">\u00a0<\/span><\/p>\t\t\t\t\t\t\t\t<\/div>\n\t\t\t\t<\/div>\n\t\t\t\t<\/div>\n\t\t<div class=\"elementor-element elementor-element-1a99f69 e-con-full e-flex e-con e-child\" data-id=\"1a99f69\" data-element_type=\"container\" data-e-type=\"container\">\n\t\t\t\t<div class=\"elementor-element elementor-element-2df881b elementor-widget elementor-widget-text-editor\" data-id=\"2df881b\" data-element_type=\"widget\" data-e-type=\"widget\" data-widget_type=\"text-editor.default\">\n\t\t\t\t<div class=\"elementor-widget-container\">\n\t\t\t\t\t\t\t\t\t<h3 style=\"text-align: center;\"><strong>CONOCIMIENTOS FIRMA DIGITAL<\/strong><\/h3><p><img loading=\"lazy\" decoding=\"async\" class=\"aligncenter wp-image-193 size-full\" src=\"https:\/\/modameli.es\/wp-content\/uploads\/2023\/11\/AUTOFIRMA-e1700447035900.png\" alt=\"\" width=\"219\" height=\"72\" \/><\/p><p><span style=\"font-weight: 400;\">\u00a0<\/span><\/p><p><span style=\"font-weight: 400;\">\u00a0<\/span><\/p><p><span style=\"font-weight: 400;\">\u00a0<\/span><\/p><p><span style=\"font-weight: 400;\">\u00a0<\/span><\/p>\t\t\t\t\t\t\t\t<\/div>\n\t\t\t\t<\/div>\n\t\t\t\t<\/div>\n\t\t\t\t\t<\/div>\n\t\t\t\t<\/div>\n\t\t<div class=\"elementor-element elementor-element-909933a e-flex e-con-boxed e-con e-parent\" data-id=\"909933a\" data-element_type=\"container\" data-e-type=\"container\">\n\t\t\t\t\t<div class=\"e-con-inner\">\n\t\t\t\t<div class=\"elementor-element elementor-element-6219df5 elementor-widget elementor-widget-heading\" data-id=\"6219df5\" data-element_type=\"widget\" data-e-type=\"widget\" data-widget_type=\"heading.default\">\n\t\t\t\t<div class=\"elementor-widget-container\">\n\t\t\t\t\t<h2 class=\"elementor-heading-title elementor-size-default\">ADEM\u00c1S  ME GUSTA EL VOLUNTARIADO, HE ESTADO PARTICIPANDO EN:<\/h2>\t\t\t\t<\/div>\n\t\t\t\t<\/div>\n\t\t\t\t<div class=\"elementor-element elementor-element-ba62c80 elementor-widget elementor-widget-image\" data-id=\"ba62c80\" data-element_type=\"widget\" data-e-type=\"widget\" data-widget_type=\"image.default\">\n\t\t\t\t<div class=\"elementor-widget-container\">\n\t\t\t\t\t\t\t\t\t\t\t\t\t\t\t<img loading=\"lazy\" decoding=\"async\" width=\"300\" height=\"158\" src=\"https:\/\/modameli.es\/wp-content\/uploads\/2023\/11\/MARCA-CIBERVOLUNTARIOS-WEB-300x158.png\" class=\"attachment-medium size-medium wp-image-198\" alt=\"\" srcset=\"https:\/\/modameli.es\/wp-content\/uploads\/2023\/11\/MARCA-CIBERVOLUNTARIOS-WEB-300x158.png 300w, https:\/\/modameli.es\/wp-content\/uploads\/2023\/11\/MARCA-CIBERVOLUNTARIOS-WEB-768x405.png 768w, https:\/\/modameli.es\/wp-content\/uploads\/2023\/11\/MARCA-CIBERVOLUNTARIOS-WEB.png 1019w\" sizes=\"(max-width: 300px) 100vw, 300px\" \/>\t\t\t\t\t\t\t\t\t\t\t\t\t\t\t<\/div>\n\t\t\t\t<\/div>\n\t\t\t\t<div class=\"elementor-element elementor-element-a5857f1 elementor-widget elementor-widget-image\" data-id=\"a5857f1\" data-element_type=\"widget\" data-e-type=\"widget\" data-widget_type=\"image.default\">\n\t\t\t\t<div class=\"elementor-widget-container\">\n\t\t\t\t\t\t\t\t\t\t\t\t\t\t\t<img loading=\"lazy\" decoding=\"async\" width=\"300\" height=\"123\" src=\"https:\/\/modameli.es\/wp-content\/uploads\/2023\/11\/caritas-argentina-300x123.png\" class=\"attachment-medium size-medium wp-image-197\" alt=\"\" srcset=\"https:\/\/modameli.es\/wp-content\/uploads\/2023\/11\/caritas-argentina-300x123.png 300w, https:\/\/modameli.es\/wp-content\/uploads\/2023\/11\/caritas-argentina.png 350w\" sizes=\"(max-width: 300px) 100vw, 300px\" \/>\t\t\t\t\t\t\t\t\t\t\t\t\t\t\t<\/div>\n\t\t\t\t<\/div>\n\t\t\t\t\t<\/div>\n\t\t\t\t<\/div>\n\t\t<div class=\"elementor-element elementor-element-971be61 e-flex e-con-boxed e-con e-parent\" data-id=\"971be61\" data-element_type=\"container\" data-e-type=\"container\">\n\t\t\t\t\t<div class=\"e-con-inner\">\n\t\t\t\t<div class=\"elementor-element elementor-element-b520ac6 elementor-widget elementor-widget-text-editor\" data-id=\"b520ac6\" data-element_type=\"widget\" data-e-type=\"widget\" data-widget_type=\"text-editor.default\">\n\t\t\t\t<div class=\"elementor-widget-container\">\n\t\t\t\t\t\t\t\t\t<h4><strong>COMPETENCIAS PERSONALES: <\/strong><span style=\"font-weight: 400;\">Alta predisposici\u00f3n y capacidad de trabajo en equipo, creativa y tenaz, muy responsable y organizada, alto grado de empat\u00eda con personas de todas las edades, conocimientos nivel usuario de redes sociales.<\/span><\/h4>\t\t\t\t\t\t\t\t<\/div>\n\t\t\t\t<\/div>\n\t\t\t\t<div class=\"elementor-element elementor-element-cf1c983 elementor-widget elementor-widget-text-editor\" data-id=\"cf1c983\" data-element_type=\"widget\" data-e-type=\"widget\" data-widget_type=\"text-editor.default\">\n\t\t\t\t<div class=\"elementor-widget-container\">\n\t\t\t\t\t\t\t\t\t<h4><span style=\"font-weight: 500;\"><strong>PERSONALIDAD:<\/strong> <\/span><span style=\"font-weight: 400;\">Resolutiva, en\u00e9rgica, entusiasta, autodidacta, voluntariosa y optimista.<\/span><\/h4>\t\t\t\t\t\t\t\t<\/div>\n\t\t\t\t<\/div>\n\t\t\t\t<div class=\"elementor-element elementor-element-46001f6 elementor-widget elementor-widget-text-editor\" data-id=\"46001f6\" data-element_type=\"widget\" data-e-type=\"widget\" data-widget_type=\"text-editor.default\">\n\t\t\t\t<div class=\"elementor-widget-container\">\n\t\t\t\t\t\t\t\t\t<h4><span style=\"font-weight: 500;\">\u2764\ufe0fAFICIONES: <\/span><span style=\"font-weight: 400;\">Corte y confecci\u00f3n, percusi\u00f3n y cocina.<\/span><\/h4>\t\t\t\t\t\t\t\t<\/div>\n\t\t\t\t<\/div>\n\t\t\t\t<div class=\"elementor-element elementor-element-a67d773 elementor-widget elementor-widget-text-editor\" data-id=\"a67d773\" data-element_type=\"widget\" data-e-type=\"widget\" data-widget_type=\"text-editor.default\">\n\t\t\t\t<div class=\"elementor-widget-container\">\n\t\t\t\t\t\t\t\t\t<h1><span style=\"color: #ff0000;\">Y si has llegado hasta aqu\u00ed y todav\u00eda dudas de si me tienes que llamar para la entrevista&#8230; s\u00f3lo decirte que :<img loading=\"lazy\" decoding=\"async\" class=\"aligncenter size-full wp-image-209\" src=\"https:\/\/modameli.es\/wp-content\/uploads\/2023\/11\/minions-muchas-gracias.gif\" alt=\"\" width=\"220\" height=\"99\"><\/span><\/h1>\n<div><span style=\"color: #ff0000;\">&nbsp;<\/span><\/div>\n<h1 style=\"text-align: center;\"><span style=\"color: #ff0000;\">\u00a1\u00a1\u00a1Llama ya!!!<\/span><\/h1>\t\t\t\t\t\t\t\t<\/div>\n\t\t\t\t<\/div>\n\t\t\t\t\t<\/div>\n\t\t\t\t<\/div>\n\t\t\t\t<\/div>\n\t\t","protected":false},"excerpt":{"rendered":"<p>PAQUETE MICROSOFT OFFICE &#038; CLOUD AL 75% PAQUETE GOOGLE WORKSPACE AL 70% IDIOMAS\u00a0 \u00a0\u00a0 \u00a0 \u00a0 \u00a0 \u00a0 \u00a0 CONOCIMIENTOS T\u00c9CNICOS Windows W7 W10 W11 90% Android 70% Ios (Apple tablet smartphone) 85% CONOCIMIENTOS DE EDICI\u00d3N WEB EN\u00a0 \u00a0 CONOCIMIENTOS FIRMA DIGITAL \u00a0 \u00a0 \u00a0 \u00a0 ADEM\u00c1S ME GUSTA EL VOLUNTARIADO, HE ESTADO PARTICIPANDO EN: [&hellip;]<\/p>\n","protected":false},"author":1,"featured_media":0,"parent":0,"menu_order":0,"comment_status":"closed","ping_status":"closed","template":"","meta":{"footnotes":""},"class_list":["post-159","page","type-page","status-publish","hentry"],"_links":{"self":[{"href":"https:\/\/modameli.es\/index.php\/wp-json\/wp\/v2\/pages\/159","targetHints":{"allow":["GET"]}}],"collection":[{"href":"https:\/\/modameli.es\/index.php\/wp-json\/wp\/v2\/pages"}],"about":[{"href":"https:\/\/modameli.es\/index.php\/wp-json\/wp\/v2\/types\/page"}],"author":[{"embeddable":true,"href":"https:\/\/modameli.es\/index.php\/wp-json\/wp\/v2\/users\/1"}],"replies":[{"embeddable":true,"href":"https:\/\/modameli.es\/index.php\/wp-json\/wp\/v2\/comments?post=159"}],"version-history":[{"count":34,"href":"https:\/\/modameli.es\/index.php\/wp-json\/wp\/v2\/pages\/159\/revisions"}],"predecessor-version":[{"id":291,"href":"https:\/\/modameli.es\/index.php\/wp-json\/wp\/v2\/pages\/159\/revisions\/291"}],"wp:attachment":[{"href":"https:\/\/modameli.es\/index.php\/wp-json\/wp\/v2\/media?parent=159"}],"curies":[{"name":"wp","href":"https:\/\/api.w.org\/{rel}","templated":true}]}}